{"id":163,"date":"2024-09-29T19:39:27","date_gmt":"2024-09-29T17:39:27","guid":{"rendered":"http:\/\/tome87.de\/?page_id=163"},"modified":"2024-10-09T20:49:40","modified_gmt":"2024-10-09T18:49:40","slug":"startseite","status":"publish","type":"page","link":"https:\/\/tome87.de\/","title":{"rendered":"Willkommen"},"content":{"rendered":"\n<ul class=\"wp-block-social-links is-layout-flex wp-block-social-links-is-layout-flex\"><li class=\"wp-social-link wp-social-link-instagram  wp-block-social-link\"><a href=\"https:\/\/www.instagram.com\/tome87.de\/\" class=\"wp-block-social-link-anchor\"><svg width=\"24\" height=\"24\" viewBox=\"0 0 24 24\" version=\"1.1\" xmlns=\"http:\/\/www.w3.org\/2000\/svg\" aria-hidden=\"true\" focusable=\"false\"><path d=\"M12,4.622c2.403,0,2.688,0.009,3.637,0.052c0.877,0.04,1.354,0.187,1.671,0.31c0.42,0.163,0.72,0.358,1.035,0.673 c0.315,0.315,0.51,0.615,0.673,1.035c0.123,0.317,0.27,0.794,0.31,1.671c0.043,0.949,0.052,1.234,0.052,3.637 s-0.009,2.688-0.052,3.637c-0.04,0.877-0.187,1.354-0.31,1.671c-0.163,0.42-0.358,0.72-0.673,1.035 c-0.315,0.315-0.615,0.51-1.035,0.673c-0.317,0.123-0.794,0.27-1.671,0.31c-0.949,0.043-1.233,0.052-3.637,0.052 s-2.688-0.009-3.637-0.052c-0.877-0.04-1.354-0.187-1.671-0.31c-0.42-0.163-0.72-0.358-1.035-0.673 c-0.315-0.315-0.51-0.615-0.673-1.035c-0.123-0.317-0.27-0.794-0.31-1.671C4.631,14.688,4.622,14.403,4.622,12 s0.009-2.688,0.052-3.637c0.04-0.877,0.187-1.354,0.31-1.671c0.163-0.42,0.358-0.72,0.673-1.035 c0.315-0.315,0.615-0.51,1.035-0.673c0.317-0.123,0.794-0.27,1.671-0.31C9.312,4.631,9.597,4.622,12,4.622 M12,3 C9.556,3,9.249,3.01,8.289,3.054C7.331,3.098,6.677,3.25,6.105,3.472C5.513,3.702,5.011,4.01,4.511,4.511 c-0.5,0.5-0.808,1.002-1.038,1.594C3.25,6.677,3.098,7.331,3.054,8.289C3.01,9.249,3,9.556,3,12c0,2.444,0.01,2.751,0.054,3.711 c0.044,0.958,0.196,1.612,0.418,2.185c0.23,0.592,0.538,1.094,1.038,1.594c0.5,0.5,1.002,0.808,1.594,1.038 c0.572,0.222,1.227,0.375,2.185,0.418C9.249,20.99,9.556,21,12,21s2.751-0.01,3.711-0.054c0.958-0.044,1.612-0.196,2.185-0.418 c0.592-0.23,1.094-0.538,1.594-1.038c0.5-0.5,0.808-1.002,1.038-1.594c0.222-0.572,0.375-1.227,0.418-2.185 C20.99,14.751,21,14.444,21,12s-0.01-2.751-0.054-3.711c-0.044-0.958-0.196-1.612-0.418-2.185c-0.23-0.592-0.538-1.094-1.038-1.594 c-0.5-0.5-1.002-0.808-1.594-1.038c-0.572-0.222-1.227-0.375-2.185-0.418C14.751,3.01,14.444,3,12,3L12,3z M12,7.378 c-2.552,0-4.622,2.069-4.622,4.622S9.448,16.622,12,16.622s4.622-2.069,4.622-4.622S14.552,7.378,12,7.378z M12,15 c-1.657,0-3-1.343-3-3s1.343-3,3-3s3,1.343,3,3S13.657,15,12,15z M16.804,6.116c-0.596,0-1.08,0.484-1.08,1.08 s0.484,1.08,1.08,1.08c0.596,0,1.08-0.484,1.08-1.08S17.401,6.116,16.804,6.116z\"><\/path><\/svg><span class=\"wp-block-social-link-label screen-reader-text\">Instagram<\/span><\/a><\/li>\n\n<li class=\"wp-social-link wp-social-link-facebook  wp-block-social-link\"><a href=\"https:\/\/m.facebook.com\/profile.php?id=61566660511208&#038;name=xhp_nt__fb__action__open_user\" class=\"wp-block-social-link-anchor\"><svg width=\"24\" height=\"24\" viewBox=\"0 0 24 24\" version=\"1.1\" xmlns=\"http:\/\/www.w3.org\/2000\/svg\" aria-hidden=\"true\" focusable=\"false\"><path d=\"M12 2C6.5 2 2 6.5 2 12c0 5 3.7 9.1 8.4 9.9v-7H7.9V12h2.5V9.8c0-2.5 1.5-3.9 3.8-3.9 1.1 0 2.2.2 2.2.2v2.5h-1.3c-1.2 0-1.6.8-1.6 1.6V12h2.8l-.4 2.9h-2.3v7C18.3 21.1 22 17 22 12c0-5.5-4.5-10-10-10z\"><\/path><\/svg><span class=\"wp-block-social-link-label screen-reader-text\">Facebook<\/span><\/a><\/li><\/ul>\n\n\n\n<p><strong>Entdeckt Augsburg und die Umgebung \u2013 ein Abenteuer f\u00fcr jede Jahreszeit!<\/strong><\/p>\n\n\n\n<p>Augsburg und seine Umgebung bietet euch ein breites Spektrum an Freizeitaktivit\u00e4ten, die f\u00fcr jeden Geschmack und jedes Alter geeignet sind. Egal, ob ihr die historische Altstadt erkunden, die Natur genie\u00dfen oder sportlich aktiv sein m\u00f6chtet \u2013 hier werdet ihr f\u00fcndig.                                                                                                           <a href=\"#weiterlesen_hauptseite\">     <\/a><\/p>\n\n\n\n<p class=\"has-text-align-center\"><a href=\"#weiterlesen_hauptseite\">&#8211;weiterlesen&#8211;<\/a><\/p>\n\n\n\n<div class=\"wp-block-flipbox-block-flipbox flip-box-block\" style=\"height:310px\"><div class=\"flip-box-block-innner\">\n<div class=\"wp-block-flipbox-block-flipbox-front flip-box-block-front\"><div class=\"flip-box-block-front-inner is-layout-flow wp-block-flipbox-block-flipbox-front-is-layout-flow\">\n<figure class=\"wp-block-image size-full\"><a href=\"https:\/\/tome87.de\/index.php\/category\/erholung\/\"><img data-recalc-dims=\"1\" loading=\"lazy\" decoding=\"async\" width=\"474\" height=\"316\" src=\"https:\/\/i0.wp.com\/tome87.de\/wp-content\/uploads\/2024\/10\/IMG-20241003-WA0101-1-1.jpg?resize=474%2C316&#038;ssl=1\" alt=\"\" class=\"wp-image-688\"\/><\/a><\/figure>\n<\/div><\/div>\n\n\n\n<div class=\"wp-block-flipbox-block-flipbox-back flip-box-block-back\"><div class=\"flip-box-block-back-inner is-layout-flow wp-block-flipbox-block-flipbox-back-is-layout-flow\">\n<figure class=\"wp-block-image size-full\"><a href=\"https:\/\/tome87.de\/index.php\/category\/erholung\/\"><img data-recalc-dims=\"1\" loading=\"lazy\" decoding=\"async\" width=\"474\" height=\"316\" src=\"https:\/\/i0.wp.com\/tome87.de\/wp-content\/uploads\/2024\/10\/IMG-20241003-WA0101-1-1.jpg?resize=474%2C316&#038;ssl=1\" alt=\"\" class=\"wp-image-688\"\/><\/a><\/figure>\n<\/div><\/div>\n<\/div><\/div>\n\n\n\n<div class=\"wp-block-flipbox-block-flipbox flip-box-block\" style=\"height:310px\"><div class=\"flip-box-block-innner\">\n<div class=\"wp-block-flipbox-block-flipbox-front flip-box-block-front\"><div class=\"flip-box-block-front-inner is-layout-flow wp-block-flipbox-block-flipbox-front-is-layout-flow\">\n<figure class=\"wp-block-image size-full is-resized\"><a href=\"https:\/\/tome87.de\/index.php\/category\/gewaesser\/\"><img data-recalc-dims=\"1\" loading=\"lazy\" decoding=\"async\" width=\"474\" height=\"316\" src=\"https:\/\/i0.wp.com\/tome87.de\/wp-content\/uploads\/2024\/10\/IMG-20241003-WA0056-1.jpg?resize=474%2C316&#038;ssl=1\" alt=\"\" class=\"wp-image-689\" style=\"width:504px;height:auto\"\/><\/a><\/figure>\n<\/div><\/div>\n\n\n\n<div class=\"wp-block-flipbox-block-flipbox-back flip-box-block-back\"><div class=\"flip-box-block-back-inner is-layout-flow wp-block-flipbox-block-flipbox-back-is-layout-flow\">\n<figure class=\"wp-block-image size-full\"><a href=\"https:\/\/tome87.de\/index.php\/category\/gewaesser\/\"><img data-recalc-dims=\"1\" loading=\"lazy\" decoding=\"async\" width=\"474\" height=\"316\" src=\"https:\/\/i0.wp.com\/tome87.de\/wp-content\/uploads\/2024\/10\/IMG-20241003-WA0056-1.jpg?resize=474%2C316&#038;ssl=1\" alt=\"\" class=\"wp-image-689\"\/><\/a><\/figure>\n<\/div><\/div>\n<\/div><\/div>\n\n\n\n<div class=\"wp-block-flipbox-block-flipbox flip-box-block\" style=\"height:310px\"><div class=\"flip-box-block-innner\">\n<div class=\"wp-block-flipbox-block-flipbox-front flip-box-block-front\"><div class=\"flip-box-block-front-inner is-layout-flow wp-block-flipbox-block-flipbox-front-is-layout-flow\">\n<figure class=\"wp-block-image size-full\"><a href=\"https:\/\/tome87.de\/index.php\/category\/museen\/\"><img data-recalc-dims=\"1\" loading=\"lazy\" decoding=\"async\" width=\"474\" height=\"316\" src=\"https:\/\/i0.wp.com\/tome87.de\/wp-content\/uploads\/2024\/10\/IMG-20231112-WA0015-1.jpg?resize=474%2C316&#038;ssl=1\" alt=\"\" class=\"wp-image-691\"\/><\/a><\/figure>\n<\/div><\/div>\n\n\n\n<div class=\"wp-block-flipbox-block-flipbox-back flip-box-block-back\"><div class=\"flip-box-block-back-inner is-layout-flow wp-block-flipbox-block-flipbox-back-is-layout-flow\">\n<figure class=\"wp-block-image size-full\"><a href=\"https:\/\/tome87.de\/index.php\/category\/museen\/\"><img data-recalc-dims=\"1\" loading=\"lazy\" decoding=\"async\" width=\"474\" height=\"316\" src=\"https:\/\/i0.wp.com\/tome87.de\/wp-content\/uploads\/2024\/10\/IMG-20231112-WA0015-1.jpg?resize=474%2C316&#038;ssl=1\" alt=\"\" class=\"wp-image-691\"\/><\/a><\/figure>\n<\/div><\/div>\n<\/div><\/div>\n\n\n\n<div class=\"wp-block-flipbox-block-flipbox flip-box-block\" style=\"height:310px\"><div class=\"flip-box-block-innner\">\n<div class=\"wp-block-flipbox-block-flipbox-front flip-box-block-front\"><div class=\"flip-box-block-front-inner is-layout-flow wp-block-flipbox-block-flipbox-front-is-layout-flow\">\n<figure class=\"wp-block-image size-full\"><a href=\"https:\/\/tome87.de\/index.php\/category\/saisonales\/\"><img data-recalc-dims=\"1\" loading=\"lazy\" decoding=\"async\" width=\"474\" height=\"316\" src=\"https:\/\/i0.wp.com\/tome87.de\/wp-content\/uploads\/2024\/10\/IMG-20241003-WA0068-1.jpg?resize=474%2C316&#038;ssl=1\" alt=\"\" class=\"wp-image-695\"\/><\/a><\/figure>\n<\/div><\/div>\n\n\n\n<div class=\"wp-block-flipbox-block-flipbox-back flip-box-block-back\"><div class=\"flip-box-block-back-inner is-layout-flow wp-block-flipbox-block-flipbox-back-is-layout-flow\">\n<figure class=\"wp-block-image size-full\"><a href=\"https:\/\/tome87.de\/index.php\/category\/saisonales\/\"><img data-recalc-dims=\"1\" loading=\"lazy\" decoding=\"async\" width=\"474\" height=\"316\" src=\"https:\/\/i0.wp.com\/tome87.de\/wp-content\/uploads\/2024\/10\/IMG-20241003-WA0068-1.jpg?resize=474%2C316&#038;ssl=1\" alt=\"\" class=\"wp-image-695\"\/><\/a><\/figure>\n<\/div><\/div>\n<\/div><\/div>\n\n\n\n<div class=\"wp-block-flipbox-block-flipbox flip-box-block\" style=\"height:310px\"><div class=\"flip-box-block-innner\">\n<div class=\"wp-block-flipbox-block-flipbox-front flip-box-block-front\"><div class=\"flip-box-block-front-inner is-layout-flow wp-block-flipbox-block-flipbox-front-is-layout-flow\">\n<figure class=\"wp-block-image size-full\"><a href=\"https:\/\/tome87.de\/index.php\/category\/sehenswuerdigkeiten\/\"><img data-recalc-dims=\"1\" loading=\"lazy\" decoding=\"async\" width=\"474\" height=\"316\" src=\"https:\/\/i0.wp.com\/tome87.de\/wp-content\/uploads\/2024\/10\/IMG-20241002-WA0034-1.jpg?resize=474%2C316&#038;ssl=1\" alt=\"\" class=\"wp-image-692\"\/><\/a><\/figure>\n<\/div><\/div>\n\n\n\n<div class=\"wp-block-flipbox-block-flipbox-back flip-box-block-back\"><div class=\"flip-box-block-back-inner is-layout-flow wp-block-flipbox-block-flipbox-back-is-layout-flow\">\n<figure class=\"wp-block-image size-full\"><a href=\"https:\/\/tome87.de\/index.php\/category\/sehenswuerdigkeiten\/\"><img data-recalc-dims=\"1\" loading=\"lazy\" decoding=\"async\" width=\"474\" height=\"316\" src=\"https:\/\/i0.wp.com\/tome87.de\/wp-content\/uploads\/2024\/10\/IMG-20241002-WA0034-1.jpg?resize=474%2C316&#038;ssl=1\" alt=\"\" class=\"wp-image-692\"\/><\/a><\/figure>\n<\/div><\/div>\n<\/div><\/div>\n\n\n\n<div class=\"wp-block-flipbox-block-flipbox flip-box-block\" style=\"height:310px\"><div class=\"flip-box-block-innner\">\n<div class=\"wp-block-flipbox-block-flipbox-front flip-box-block-front\"><div class=\"flip-box-block-front-inner is-layout-flow wp-block-flipbox-block-flipbox-front-is-layout-flow\">\n<figure class=\"wp-block-image size-full\"><a href=\"https:\/\/tome87.de\/index.php\/category\/spielplaetze\/\"><img data-recalc-dims=\"1\" loading=\"lazy\" decoding=\"async\" width=\"474\" height=\"316\" src=\"https:\/\/i0.wp.com\/tome87.de\/wp-content\/uploads\/2024\/10\/IMG-20241003-WA0129-1.jpg?resize=474%2C316&#038;ssl=1\" alt=\"\" class=\"wp-image-694\"\/><\/a><\/figure>\n<\/div><\/div>\n\n\n\n<div class=\"wp-block-flipbox-block-flipbox-back flip-box-block-back\"><div class=\"flip-box-block-back-inner is-layout-flow wp-block-flipbox-block-flipbox-back-is-layout-flow\">\n<figure class=\"wp-block-image size-full\"><a href=\"https:\/\/tome87.de\/index.php\/category\/spielplaetze\/\"><img data-recalc-dims=\"1\" loading=\"lazy\" decoding=\"async\" width=\"474\" height=\"316\" src=\"https:\/\/i0.wp.com\/tome87.de\/wp-content\/uploads\/2024\/10\/IMG-20241003-WA0129-1.jpg?resize=474%2C316&#038;ssl=1\" alt=\"\" class=\"wp-image-694\"\/><\/a><\/figure>\n<\/div><\/div>\n<\/div><\/div>\n\n\n\n<div class=\"wp-block-flipbox-block-flipbox flip-box-block\" style=\"height:310px\"><div class=\"flip-box-block-innner\">\n<div class=\"wp-block-flipbox-block-flipbox-front flip-box-block-front\"><div class=\"flip-box-block-front-inner is-layout-flow wp-block-flipbox-block-flipbox-front-is-layout-flow\">\n<figure class=\"wp-block-image size-full\"><a href=\"https:\/\/tome87.de\/index.php\/category\/sport\/\"><img data-recalc-dims=\"1\" loading=\"lazy\" decoding=\"async\" width=\"474\" height=\"316\" src=\"https:\/\/i0.wp.com\/tome87.de\/wp-content\/uploads\/2024\/10\/IMG_20240930_152004867_HDR-2.jpg?resize=474%2C316&#038;ssl=1\" alt=\"\" class=\"wp-image-874\"\/><\/a><\/figure>\n<\/div><\/div>\n\n\n\n<div class=\"wp-block-flipbox-block-flipbox-back flip-box-block-back\"><div class=\"flip-box-block-back-inner is-layout-flow wp-block-flipbox-block-flipbox-back-is-layout-flow\">\n<figure class=\"wp-block-image size-full\"><a href=\"https:\/\/tome87.de\/index.php\/category\/sport\/\"><img data-recalc-dims=\"1\" loading=\"lazy\" decoding=\"async\" width=\"474\" height=\"316\" src=\"https:\/\/i0.wp.com\/tome87.de\/wp-content\/uploads\/2024\/10\/IMG_20240930_152004867_HDR-2.jpg?resize=474%2C316&#038;ssl=1\" alt=\"\" class=\"wp-image-874\"\/><\/a><\/figure>\n<\/div><\/div>\n<\/div><\/div>\n\n\n\n<div class=\"wp-block-flipbox-block-flipbox flip-box-block\" style=\"height:310px\"><div class=\"flip-box-block-innner\">\n<div class=\"wp-block-flipbox-block-flipbox-front flip-box-block-front\"><div class=\"flip-box-block-front-inner is-layout-flow wp-block-flipbox-block-flipbox-front-is-layout-flow\">\n<figure class=\"wp-block-image size-full\"><a href=\"https:\/\/tome87.de\/index.php\/category\/tiere\/\"><img data-recalc-dims=\"1\" loading=\"lazy\" decoding=\"async\" width=\"474\" height=\"316\" src=\"https:\/\/i0.wp.com\/tome87.de\/wp-content\/uploads\/2024\/10\/IMG-20241002-WA0178-1.jpg?resize=474%2C316&#038;ssl=1\" alt=\"\" class=\"wp-image-690\"\/><\/a><\/figure>\n<\/div><\/div>\n\n\n\n<div class=\"wp-block-flipbox-block-flipbox-back flip-box-block-back\"><div class=\"flip-box-block-back-inner is-layout-flow wp-block-flipbox-block-flipbox-back-is-layout-flow\">\n<figure class=\"wp-block-image size-full\"><a href=\"https:\/\/tome87.de\/index.php\/category\/tiere\/\"><img data-recalc-dims=\"1\" loading=\"lazy\" decoding=\"async\" width=\"474\" height=\"316\" src=\"https:\/\/i0.wp.com\/tome87.de\/wp-content\/uploads\/2024\/10\/IMG-20241002-WA0178-1.jpg?resize=474%2C316&#038;ssl=1\" alt=\"\" class=\"wp-image-690\"\/><\/a><\/figure>\n<\/div><\/div>\n<\/div><\/div>\n\n\n\n<div class=\"wp-block-flipbox-block-flipbox flip-box-block\" style=\"height:310px\"><div class=\"flip-box-block-innner\">\n<div class=\"wp-block-flipbox-block-flipbox-front flip-box-block-front\"><div class=\"flip-box-block-front-inner is-layout-flow wp-block-flipbox-block-flipbox-front-is-layout-flow\">\n<figure class=\"wp-block-image size-full is-resized\"><a href=\"https:\/\/tome87.de\/index.php\/category\/wanderwege\/\"><img data-recalc-dims=\"1\" loading=\"lazy\" decoding=\"async\" width=\"474\" height=\"316\" src=\"https:\/\/i0.wp.com\/tome87.de\/wp-content\/uploads\/2024\/10\/IMG-20241002-WA0024-1.jpg?resize=474%2C316&#038;ssl=1\" alt=\"\" class=\"wp-image-696\" style=\"width:504px;height:auto\"\/><\/a><\/figure>\n<\/div><\/div>\n\n\n\n<div class=\"wp-block-flipbox-block-flipbox-back flip-box-block-back\"><div class=\"flip-box-block-back-inner is-layout-flow wp-block-flipbox-block-flipbox-back-is-layout-flow\">\n<figure class=\"wp-block-image size-full\"><a href=\"https:\/\/tome87.de\/index.php\/category\/wanderwege\/\"><img data-recalc-dims=\"1\" loading=\"lazy\" decoding=\"async\" width=\"474\" height=\"316\" src=\"https:\/\/i0.wp.com\/tome87.de\/wp-content\/uploads\/2024\/10\/IMG-20241002-WA0024-1.jpg?resize=474%2C316&#038;ssl=1\" alt=\"\" class=\"wp-image-696\"\/><\/a><\/figure>\n<\/div><\/div>\n<\/div><\/div>\n\n\n\n<hr class=\"wp-block-separator has-alpha-channel-opacity\"\/>\n\n\n\n<iframe loading=\"lazy\" src=\"https:\/\/www.google.com\/maps\/d\/embed?mid=18jycB6YuBv_4xWOMVsqPrgBI60H9gVM&#038;ehbc=2E312F\" width=\"640\" height=\"480\"><\/iframe>\n\n\n\n<p>Hier unten stehen die aktuellsten Beitr\u00e4ge:<\/p>\n\n\n<ul class=\"wp-block-latest-posts__list wp-block-latest-posts\"><li><a class=\"wp-block-latest-posts__post-title\" href=\"https:\/\/tome87.de\/index.php\/2024\/10\/08\/spielplatz-am-reseepark-augsburg\/\">Spielplatz am Reseepark Augsburg<\/a><\/li>\n<li><a class=\"wp-block-latest-posts__post-title\" href=\"https:\/\/tome87.de\/index.php\/2024\/10\/08\/skatepark-reesepark-augsburg\/\">Skatepark Reesepark Augsburg<\/a><\/li>\n<li><a class=\"wp-block-latest-posts__post-title\" href=\"https:\/\/tome87.de\/index.php\/2024\/10\/08\/soccerpark-rehling\/\">Soccerpark Rehling<\/a><\/li>\n<li><a class=\"wp-block-latest-posts__post-title\" href=\"https:\/\/tome87.de\/index.php\/2024\/10\/08\/pumptrack-westendorf\/\">Pumptrack Westendorf<\/a><\/li>\n<li><a class=\"wp-block-latest-posts__post-title\" href=\"https:\/\/tome87.de\/index.php\/2024\/10\/08\/pumptrack-diedorf\/\">Pumptrack Diedorf<\/a><\/li>\n<\/ul>\n\n\n<p id=\"weiterlesen_hauptseite\"><strong>F\u00fcr Naturliebhaber, Familien, Actionjunkies und Kulturfreaks:<\/strong><\/p>\n\n\n\n<p id=\"weiterlesen_hauptseite\"><strong>Erlebt gemeinsam:<\/strong> Macht eine spannende Schnitzeljagd in einem Walderlebnispfad. Besucht einen der tollen Tierparks oder lasst es ruhig angehen und erlebt gemeinsam mit allen Sinnen einen Barfu\u00dfpfad.<\/p>\n\n\n\n<p><strong>Genie\u00dft die Natur:<\/strong> Macht einen Spaziergang durch die W\u00e4lder, eine Wanderung rund um den Elbsee oder eine Fahrradtour entlang des Lochbachs.<\/p>\n\n\n\n<p><strong>Seid aktiv:<\/strong> Geht klettern, schwimmen, scootern oder laufen. Im Skaterpark K\u00f6nigsbrunn k\u00f6nnt ihr eure Tricks auf dem Skateboard oder dem Roller ausprobieren.<\/p>\n\n\n\n<p><strong>Kultur und Sehensw\u00fcrdigkeiten:<\/strong> Besucht eines der vielen Museen in der Umgebung um euer Wissen zu vertiefen. Seht euch eine Burg an und lasst euch vom mittelalterlichen Flair verzaubern.<\/p>\n\n\n\n<p><strong>Entspannt euch am Wasser:<\/strong> Verbringt einen Tag am Staffelsee, genie\u00dft die Sonne und das gesundheitsf\u00f6rdernde Wasser oder lasst eure Seele bei einer gem\u00fctlichen Bootsfahrt baumeln.<\/p>\n\n\n\n<p>Verweilt an unserem K\u00f6nigsbrunner &#8222;Juwel&#8220;, dem<em> <\/em>Ilsesee mit einem k\u00fchlen Bier im Sommer oder einer hei\u00dfen Suppe im Winter; w\u00e4hrend die Kinder am Spielplatz toben.<\/p>\n\n\n\n<p><strong>Spielt und tobt:<\/strong> Besucht einen der vielen Spielpl\u00e4tze oder Freizeitparks in der Umgebung.<\/p>\n\n\n\n<p>Ob alleine, zu zweit oder mit der ganzen Familie \u2013 in Augsburg und Umgebung werdet ihr garantiert eine unvergessliche Zeit haben!<\/p>\n\n\n\n<p>In diesem Sinne: &#8222;<em>Viel Spa\u00df<\/em>&#8222;, w\u00fcnschen euch<\/p>\n\n\n\n<p><mark style=\"background-color:#fff\" class=\"has-inline-color has-black-color\"><strong><em>Tom &amp; Ela<\/em><\/strong>    eure  Abenteuerj\u00e4ger<\/mark><\/p>\n\n\n\n<p><\/p>\n","protected":false},"excerpt":{"rendered":"<p>Entdeckt Augsburg und die Umgebung \u2013 ein Abenteuer f\u00fcr jede Jahreszeit! Augsburg und seine Umgebung bietet euch ein breites Spektrum an Freizeitaktivit\u00e4ten, die f\u00fcr jeden Geschmack und jedes Alter geeignet sind. Egal, ob ihr die historische Altstadt erkunden, die Natur genie\u00dfen oder sportlich aktiv sein m\u00f6chtet \u2013 hier werdet ihr f\u00fcndig. &#8211;weiterlesen&#8211; Hier unten stehen &hellip; <a href=\"https:\/\/tome87.de\/\" class=\"more-link\"><span class=\"screen-reader-text\">Willkommen<\/span> weiterlesen <span class=\"meta-nav\">&rarr;<\/span><\/a><\/p>\n","protected":false},"author":1,"featured_media":0,"parent":0,"menu_order":0,"comment_status":"closed","ping_status":"closed","template":"page-templates\/full-width.php","meta":{"_sitemap_exclude":false,"_sitemap_priority":"","_sitemap_frequency":"","jetpack_post_was_ever_published":false,"footnotes":"[]"},"class_list":["post-163","page","type-page","status-publish","hentry"],"jetpack_sharing_enabled":true,"jetpack_likes_enabled":true,"_links":{"self":[{"href":"https:\/\/tome87.de\/index.php\/wp-json\/wp\/v2\/pages\/163","targetHints":{"allow":["GET"]}}],"collection":[{"href":"https:\/\/tome87.de\/index.php\/wp-json\/wp\/v2\/pages"}],"about":[{"href":"https:\/\/tome87.de\/index.php\/wp-json\/wp\/v2\/types\/page"}],"author":[{"embeddable":true,"href":"https:\/\/tome87.de\/index.php\/wp-json\/wp\/v2\/users\/1"}],"replies":[{"embeddable":true,"href":"https:\/\/tome87.de\/index.php\/wp-json\/wp\/v2\/comments?post=163"}],"version-history":[{"count":66,"href":"https:\/\/tome87.de\/index.php\/wp-json\/wp\/v2\/pages\/163\/revisions"}],"predecessor-version":[{"id":993,"href":"https:\/\/tome87.de\/index.php\/wp-json\/wp\/v2\/pages\/163\/revisions\/993"}],"wp:attachment":[{"href":"https:\/\/tome87.de\/index.php\/wp-json\/wp\/v2\/media?parent=163"}],"curies":[{"name":"wp","href":"https:\/\/api.w.org\/{rel}","templated":true}]}}